{"id":54,"date":"2015-01-20T17:58:36","date_gmt":"2015-01-20T17:58:36","guid":{"rendered":"http:\/\/localhost\/amazonia_legal\/?page_id=54"},"modified":"2026-01-10T20:47:06","modified_gmt":"2026-01-10T23:47:06","slug":"apresentacao","status":"publish","type":"page","link":"https:\/\/www.portaldaamazonialegal.com.br\/site\/apresentacao\/","title":{"rendered":"Apresenta\u00e7\u00e3o"},"content":{"rendered":"<p>O Portal da Amaz\u00f4nia Legal \u00e9 um informativo virtual da Regi\u00e3o Amaz\u00f4nica, criado e sediado h\u00e1 10 anos em Bras\u00edlia, oferecendo ao leitor uma oportunidade de tomar conhecimento sobre as atividades pol\u00edticas, ambientais, culturais e tur\u00edsticas ligadas \u00e0 Amaz\u00f4nia.<\/p>\n<p>&nbsp;<\/p>\n<p>Informamos sobre a situa\u00e7\u00e3o ambiental da Amaz\u00f4nia, do Brasil e de todo o planeta, como forma de contribuir com a popula\u00e7\u00e3o, alertando para a necessidade de atitudes urgentes pela preserva\u00e7\u00e3o do meio ambiente e a constru\u00e7\u00e3o de um modo de vida mais sustent\u00e1vel.<\/p>\n<p>&nbsp;<\/p>\n<p>A proposta do Portal da Amaz\u00f4nia Legal \u00e9 divulgar no mesmo espa\u00e7o jornal\u00edstico mat\u00e9rias sobre a Amaz\u00f4nia, a preserva\u00e7\u00e3o ambiental, o resgate e luta dos direitos dos povos origin\u00e1rios, ind\u00edgenas, e dos quilombolas. Oferecendo ao leitor a oportunidade de estar a par dos principais acontecimentos ambientais da Amaz\u00f4nia, do Brasil e do mundo.<\/p>\n<p>&nbsp;<\/p>\n<p>Mais do que um ve\u00edculo de informa\u00e7\u00e3o, O Portal da Amaz\u00f4nia Legal atua ao lado de todos os parceiros dos nove estados da Amaz\u00f4nia Legal em favor da preserva\u00e7\u00e3o ambiental: Acre, Amap\u00e1, Amazonas, Mato Grosso, Maranh\u00e3o, Par\u00e1, Rond\u00f4nia, Roraima e Tocantins. Apresentando tamb\u00e9m not\u00edcias nacionais, de Bras\u00edlia e os destaques internacionais.<\/p>\n<p>&nbsp;<\/p>\n<p>Participe conosco e fa\u00e7a a diferen\u00e7a entre estar informado e fazer parte da not\u00edcia.<\/p>\n<p>&nbsp;<\/p>\n<p>Bem vindo ao nosso site!<\/p>\n<p>Acesse, d\u00ea sugest\u00f5es, critique, participe!<\/p>\n<p>Seja mais um que atua diretamente na constru\u00e7\u00e3o do mundo que queremos!<\/p>\n<p>&nbsp;<\/p>\n<p>&nbsp;<\/p>\n<p>Andrea Sarmento<\/p>\n<p>Jornalista<\/p>\n<p>Diretora Executiva do Portal da Amaz\u00f4nia Legal<\/p>\n<p>&nbsp;<\/p>\n<p>&nbsp;<\/p>\n<!-- AddThis Advanced Settings generic via filter on the_content --><!-- AddThis Share Buttons generic via filter on the_content -->","protected":false},"excerpt":{"rendered":"<p>O Portal da Amaz\u00f4nia Legal \u00e9 um informativo virtual da Regi\u00e3o Amaz\u00f4nica, criado e sediado h\u00e1 10 anos em Bras\u00edlia, oferecendo ao leitor uma oportunidade de tomar conhecimento sobre as atividades pol\u00edticas, ambientais, culturais e tur\u00edsticas ligadas \u00e0 Amaz\u00f4nia. &nbsp; Informamos sobre a situa\u00e7\u00e3o ambiental&#8230;<!-- AddThis Advanced Settings generic via filter on get_the_excerpt --><!-- AddThis Share Buttons generic via filter on get_the_excerpt --><\/p>\n","protected":false},"author":1,"featured_media":0,"parent":0,"menu_order":0,"comment_status":"open","ping_status":"open","template":"","meta":{"footnotes":""},"class_list":["post-54","page","type-page","status-publish","hentry"],"_links":{"self":[{"href":"https:\/\/www.portaldaamazonialegal.com.br\/site\/wp-json\/wp\/v2\/pages\/54","targetHints":{"allow":["GET"]}}],"collection":[{"href":"https:\/\/www.portaldaamazonialegal.com.br\/site\/wp-json\/wp\/v2\/pages"}],"about":[{"href":"https:\/\/www.portaldaamazonialegal.com.br\/site\/wp-json\/wp\/v2\/types\/page"}],"author":[{"embeddable":true,"href":"https:\/\/www.portaldaamazonialegal.com.br\/site\/wp-json\/wp\/v2\/users\/1"}],"replies":[{"embeddable":true,"href":"https:\/\/www.portaldaamazonialegal.com.br\/site\/wp-json\/wp\/v2\/comments?post=54"}],"version-history":[{"count":6,"href":"https:\/\/www.portaldaamazonialegal.com.br\/site\/wp-json\/wp\/v2\/pages\/54\/revisions"}],"predecessor-version":[{"id":10388,"href":"https:\/\/www.portaldaamazonialegal.com.br\/site\/wp-json\/wp\/v2\/pages\/54\/revisions\/10388"}],"wp:attachment":[{"href":"https:\/\/www.portaldaamazonialegal.com.br\/site\/wp-json\/wp\/v2\/media?parent=54"}],"curies":[{"name":"wp","href":"https:\/\/api.w.org\/{rel}","templated":true}]}}